{"id":15,"date":"2018-07-21T13:21:25","date_gmt":"2018-07-21T13:21:25","guid":{"rendered":"https:\/\/grajales.net\/es\/?page_id=15"},"modified":"2025-04-16T15:32:56","modified_gmt":"2025-04-16T15:32:56","slug":"inicio","status":"publish","type":"page","link":"https:\/\/grajales.net\/es\/","title":{"rendered":"Expediciones Aconcagua"},"content":{"rendered":"","protected":false},"excerpt":{"rendered":"","protected":false},"author":1,"featured_media":0,"parent":0,"menu_order":0,"comment_status":"closed","ping_status":"closed","template":"template_builder.php","meta":{"footnotes":""},"class_list":["post-15","page","type-page","status-publish","hentry"],"yoast_head":"<!-- This site is optimized with the Yoast SEO Premium plugin v25.7.1 (Yoast SEO v25.7) - https:\/\/yoast.com\/wordpress\/plugins\/seo\/ -->\n<title>Expediciones Aconcagua - Grajales Expeditions<\/title>\n<meta name=\"description\" content=\"Explora el majestuoso Aconcagua con nuestras expediciones personalizadas. Ad\u00e9ntrate en la belleza natural de la monta\u00f1a m\u00e1s alta de Am\u00e9rica.\" \/>\n<meta name=\"robots\" content=\"index, follow, max-snippet:-1, max-image-preview:large, max-video-preview:-1\" \/>\n<link rel=\"canonical\" href=\"https:\/\/grajales.net\/es\/\" \/>\n<meta property=\"og:locale\" content=\"es_ES\" \/>\n<meta property=\"og:type\" content=\"article\" \/>\n<meta property=\"og:title\" content=\"Expediciones Aconcagua: Descubre las maravillas de la monta\u00f1a m\u00e1s alta\" \/>\n<meta property=\"og:description\" content=\"Explora el desaf\u00edo del Aconcagua y descubre la belleza y majestuosidad de esta monta\u00f1a emblem\u00e1tica.\" \/>\n<meta property=\"og:url\" content=\"https:\/\/grajales.net\/es\/\" \/>\n<meta property=\"og:site_name\" content=\"Grajales Expeditions\" \/>\n<meta property=\"article:publisher\" content=\"https:\/\/www.facebook.com\/GrajalesExpeditions\/\" \/>\n<meta property=\"article:modified_time\" content=\"2025-04-16T15:32:56+00:00\" \/>\n<meta property=\"og:image\" content=\"https:\/\/grajales.net\/es\/wp-content\/uploads\/2024\/11\/GRA_RapidAscentExp-Fot09.jpg\" \/>\n\t<meta property=\"og:image:width\" content=\"1130\" \/>\n\t<meta property=\"og:image:height\" content=\"510\" \/>\n\t<meta property=\"og:image:type\" content=\"image\/jpeg\" \/>\n<meta name=\"twitter:card\" content=\"summary_large_image\" \/>\n<meta name=\"twitter:title\" content=\"Expediciones Aconcagua: Descubre la cumbre m\u00e1s alta de Am\u00e9rica\" \/>\n<meta name=\"twitter:description\" content=\"Explora el desaf\u00edo del Aconcagua y descubre la belleza y majestuosidad de esta monta\u00f1a emblem\u00e1tica.\" \/>\n<meta name=\"twitter:site\" content=\"@grajalesnet\" \/>\n<script type=\"application\/ld+json\" class=\"yoast-schema-graph\">{\"@context\":\"https:\/\/schema.org\",\"@graph\":[{\"@type\":\"WebPage\",\"@id\":\"https:\/\/grajales.net\/es\/\",\"url\":\"https:\/\/grajales.net\/es\/\",\"name\":\"Expediciones Aconcagua - Grajales Expeditions\",\"isPartOf\":{\"@id\":\"https:\/\/grajales.net\/es\/#website\"},\"datePublished\":\"2018-07-21T13:21:25+00:00\",\"dateModified\":\"2025-04-16T15:32:56+00:00\",\"description\":\"Explora el majestuoso Aconcagua con nuestras expediciones personalizadas. Ad\u00e9ntrate en la belleza natural de la monta\u00f1a m\u00e1s alta de Am\u00e9rica.\",\"breadcrumb\":{\"@id\":\"https:\/\/grajales.net\/es\/#breadcrumb\"},\"inLanguage\":\"es\",\"potentialAction\":[{\"@type\":\"ReadAction\",\"target\":[\"https:\/\/grajales.net\/es\/\"]}]},{\"@type\":\"BreadcrumbList\",\"@id\":\"https:\/\/grajales.net\/es\/#breadcrumb\",\"itemListElement\":[{\"@type\":\"ListItem\",\"position\":1,\"name\":\"Portada\",\"item\":\"https:\/\/grajales.net\/es\/\"},{\"@type\":\"ListItem\",\"position\":2,\"name\":\"Expediciones Aconcagua\"}]},{\"@type\":\"WebSite\",\"@id\":\"https:\/\/grajales.net\/es\/#website\",\"url\":\"https:\/\/grajales.net\/es\/\",\"name\":\"Grajales Expeditions\",\"description\":\"Aconcagua Expediciones\",\"publisher\":{\"@id\":\"https:\/\/grajales.net\/es\/#organization\"},\"potentialAction\":[{\"@type\":\"SearchAction\",\"target\":{\"@type\":\"EntryPoint\",\"urlTemplate\":\"https:\/\/grajales.net\/es\/?s={search_term_string}\"},\"query-input\":{\"@type\":\"PropertyValueSpecification\",\"valueRequired\":true,\"valueName\":\"search_term_string\"}}],\"inLanguage\":\"es\"},{\"@type\":\"Organization\",\"@id\":\"https:\/\/grajales.net\/es\/#organization\",\"name\":\"Grajales Expeditions\",\"url\":\"https:\/\/grajales.net\/es\/\",\"logo\":{\"@type\":\"ImageObject\",\"inLanguage\":\"es\",\"@id\":\"https:\/\/grajales.net\/es\/#\/schema\/logo\/image\/\",\"url\":\"https:\/\/grajales.net\/es\/wp-content\/uploads\/2018\/11\/GRA_logo-header-web_fondo-transp.png\",\"contentUrl\":\"https:\/\/grajales.net\/es\/wp-content\/uploads\/2018\/11\/GRA_logo-header-web_fondo-transp.png\",\"width\":230,\"height\":174,\"caption\":\"Grajales Expeditions\"},\"image\":{\"@id\":\"https:\/\/grajales.net\/es\/#\/schema\/logo\/image\/\"},\"sameAs\":[\"https:\/\/www.facebook.com\/GrajalesExpeditions\/\",\"https:\/\/x.com\/grajalesnet\",\"https:\/\/www.instagram.com\/grajales.expeditions\/\",\"https:\/\/www.youtube.com\/channel\/UCFgI3xEOp0cPUqShx0Wnvcw\/videos?view_as=subscriber\",\"https:\/\/ar.linkedin.com\/company\/grajalesexpeditions\"]}]}<\/script>\n<!-- \/ Yoast SEO Premium plugin. -->","yoast_head_json":{"title":"Expediciones Aconcagua - Grajales Expeditions","description":"Explora el majestuoso Aconcagua con nuestras expediciones personalizadas. Ad\u00e9ntrate en la belleza natural de la monta\u00f1a m\u00e1s alta de Am\u00e9rica.","robots":{"index":"index","follow":"follow","max-snippet":"max-snippet:-1","max-image-preview":"max-image-preview:large","max-video-preview":"max-video-preview:-1"},"canonical":"https:\/\/grajales.net\/es\/","og_locale":"es_ES","og_type":"article","og_title":"Expediciones Aconcagua: Descubre las maravillas de la monta\u00f1a m\u00e1s alta","og_description":"Explora el desaf\u00edo del Aconcagua y descubre la belleza y majestuosidad de esta monta\u00f1a emblem\u00e1tica.","og_url":"https:\/\/grajales.net\/es\/","og_site_name":"Grajales Expeditions","article_publisher":"https:\/\/www.facebook.com\/GrajalesExpeditions\/","article_modified_time":"2025-04-16T15:32:56+00:00","og_image":[{"width":1130,"height":510,"url":"https:\/\/grajales.net\/es\/wp-content\/uploads\/2024\/11\/GRA_RapidAscentExp-Fot09.jpg","type":"image\/jpeg"}],"twitter_card":"summary_large_image","twitter_title":"Expediciones Aconcagua: Descubre la cumbre m\u00e1s alta de Am\u00e9rica","twitter_description":"Explora el desaf\u00edo del Aconcagua y descubre la belleza y majestuosidad de esta monta\u00f1a emblem\u00e1tica.","twitter_site":"@grajalesnet","schema":{"@context":"https:\/\/schema.org","@graph":[{"@type":"WebPage","@id":"https:\/\/grajales.net\/es\/","url":"https:\/\/grajales.net\/es\/","name":"Expediciones Aconcagua - Grajales Expeditions","isPartOf":{"@id":"https:\/\/grajales.net\/es\/#website"},"datePublished":"2018-07-21T13:21:25+00:00","dateModified":"2025-04-16T15:32:56+00:00","description":"Explora el majestuoso Aconcagua con nuestras expediciones personalizadas. Ad\u00e9ntrate en la belleza natural de la monta\u00f1a m\u00e1s alta de Am\u00e9rica.","breadcrumb":{"@id":"https:\/\/grajales.net\/es\/#breadcrumb"},"inLanguage":"es","potentialAction":[{"@type":"ReadAction","target":["https:\/\/grajales.net\/es\/"]}]},{"@type":"BreadcrumbList","@id":"https:\/\/grajales.net\/es\/#breadcrumb","itemListElement":[{"@type":"ListItem","position":1,"name":"Portada","item":"https:\/\/grajales.net\/es\/"},{"@type":"ListItem","position":2,"name":"Expediciones Aconcagua"}]},{"@type":"WebSite","@id":"https:\/\/grajales.net\/es\/#website","url":"https:\/\/grajales.net\/es\/","name":"Grajales Expeditions","description":"Aconcagua Expediciones","publisher":{"@id":"https:\/\/grajales.net\/es\/#organization"},"potentialAction":[{"@type":"SearchAction","target":{"@type":"EntryPoint","urlTemplate":"https:\/\/grajales.net\/es\/?s={search_term_string}"},"query-input":{"@type":"PropertyValueSpecification","valueRequired":true,"valueName":"search_term_string"}}],"inLanguage":"es"},{"@type":"Organization","@id":"https:\/\/grajales.net\/es\/#organization","name":"Grajales Expeditions","url":"https:\/\/grajales.net\/es\/","logo":{"@type":"ImageObject","inLanguage":"es","@id":"https:\/\/grajales.net\/es\/#\/schema\/logo\/image\/","url":"https:\/\/grajales.net\/es\/wp-content\/uploads\/2018\/11\/GRA_logo-header-web_fondo-transp.png","contentUrl":"https:\/\/grajales.net\/es\/wp-content\/uploads\/2018\/11\/GRA_logo-header-web_fondo-transp.png","width":230,"height":174,"caption":"Grajales Expeditions"},"image":{"@id":"https:\/\/grajales.net\/es\/#\/schema\/logo\/image\/"},"sameAs":["https:\/\/www.facebook.com\/GrajalesExpeditions\/","https:\/\/x.com\/grajalesnet","https:\/\/www.instagram.com\/grajales.expeditions\/","https:\/\/www.youtube.com\/channel\/UCFgI3xEOp0cPUqShx0Wnvcw\/videos?view_as=subscriber","https:\/\/ar.linkedin.com\/company\/grajalesexpeditions"]}]}},"_links":{"self":[{"href":"https:\/\/grajales.net\/es\/wp-json\/wp\/v2\/pages\/15","targetHints":{"allow":["GET"]}}],"collection":[{"href":"https:\/\/grajales.net\/es\/wp-json\/wp\/v2\/pages"}],"about":[{"href":"https:\/\/grajales.net\/es\/wp-json\/wp\/v2\/types\/page"}],"author":[{"embeddable":true,"href":"https:\/\/grajales.net\/es\/wp-json\/wp\/v2\/users\/1"}],"replies":[{"embeddable":true,"href":"https:\/\/grajales.net\/es\/wp-json\/wp\/v2\/comments?post=15"}],"version-history":[{"count":179,"href":"https:\/\/grajales.net\/es\/wp-json\/wp\/v2\/pages\/15\/revisions"}],"predecessor-version":[{"id":15846,"href":"https:\/\/grajales.net\/es\/wp-json\/wp\/v2\/pages\/15\/revisions\/15846"}],"wp:attachment":[{"href":"https:\/\/grajales.net\/es\/wp-json\/wp\/v2\/media?parent=15"}],"curies":[{"name":"wp","href":"https:\/\/api.w.org\/{rel}","templated":true}]}}